{"id":720,"date":"2010-12-22T09:44:05","date_gmt":"2010-12-22T09:44:05","guid":{"rendered":"\/?page_id=720"},"modified":"2024-07-04T16:53:31","modified_gmt":"2024-07-04T08:53:31","slug":"warranty","status":"publish","type":"page","link":"https:\/\/www.china-heatpump.com\/pt\/about-us\/warranty\/","title":{"rendered":"Garantia"},"content":{"rendered":"<p>We provide 1% free spareparts and 2 year warranty for factory fault. The warranty is limited to replacement of failure parts with new parts.<br \/>\nEnviaremos as pe\u00e7as sobresselentes por correio, depois de confirmarmos que se trata de uma avaria de f\u00e1brica.<br \/>\nN\u00e3o cobrimos os custos de avarias resultantes do envio, instala\u00e7\u00e3o incorrecta e utiliza\u00e7\u00e3o incorrecta. Claro que podemos fornecer pe\u00e7as a custo do cliente ap\u00f3s o per\u00edodo de garantia.<\/p>","protected":false},"excerpt":{"rendered":"<p>We provide 1% free spareparts and 2 year warranty for factory fault. The warranty is limited to replacement of failure parts with new parts. We will send the spare parts by courrier method after confirm it is due to factory fault. We don&#8217;t cover the cost for failure from shipment, wrong installation and incorrect usage.<span class=\"excerpt-hellip\"> [...]<\/span><\/p>","protected":false},"author":2,"featured_media":0,"parent":322,"menu_order":0,"comment_status":"open","ping_status":"open","template":"","meta":{"footnotes":""},"class_list":["post-720","page","type-page","status-publish","hentry"],"_links":{"self":[{"href":"https:\/\/www.china-heatpump.com\/pt\/wp-json\/wp\/v2\/pages\/720","targetHints":{"allow":["GET"]}}],"collection":[{"href":"https:\/\/www.china-heatpump.com\/pt\/wp-json\/wp\/v2\/pages"}],"about":[{"href":"https:\/\/www.china-heatpump.com\/pt\/wp-json\/wp\/v2\/types\/page"}],"author":[{"embeddable":true,"href":"https:\/\/www.china-heatpump.com\/pt\/wp-json\/wp\/v2\/users\/2"}],"replies":[{"embeddable":true,"href":"https:\/\/www.china-heatpump.com\/pt\/wp-json\/wp\/v2\/comments?post=720"}],"version-history":[{"count":2,"href":"https:\/\/www.china-heatpump.com\/pt\/wp-json\/wp\/v2\/pages\/720\/revisions"}],"predecessor-version":[{"id":3207,"href":"https:\/\/www.china-heatpump.com\/pt\/wp-json\/wp\/v2\/pages\/720\/revisions\/3207"}],"up":[{"embeddable":true,"href":"https:\/\/www.china-heatpump.com\/pt\/wp-json\/wp\/v2\/pages\/322"}],"wp:attachment":[{"href":"https:\/\/www.china-heatpump.com\/pt\/wp-json\/wp\/v2\/media?parent=720"}],"curies":[{"name":"wp","href":"https:\/\/api.w.org\/{rel}","templated":true}]}}