{"id":719,"date":"2010-12-22T09:30:32","date_gmt":"2010-12-22T09:30:32","guid":{"rendered":"\/?page_id=719"},"modified":"2025-03-12T10:14:24","modified_gmt":"2025-03-12T02:14:24","slug":"shipping","status":"publish","type":"page","link":"https:\/\/www.china-heatpump.com\/pt\/about-us\/our-policy\/shipping\/","title":{"rendered":"Expedi\u00e7\u00e3o"},"content":{"rendered":"<p><strong>Para a entrega de amostras de bomba de calor, depois de embalar com caixa de papel grosso de 5 camadas de classe de exporta\u00e7\u00e3o, embalaremos bombas de calor com caixa de madeira poli para evitar qualquer dano como mostrado em anexo.<\/strong><\/p>\n<p>Existem duas formas de entregar as amostras.<br \/>\nFor sea freight, we will keep the refrigerant inside of the <a href=\"https:\/\/www.china-heatpump.com\/pt\/\">bomba de calor<\/a>.<br \/>\nPara a carga a\u00e9rea, devido \u00e0 regula\u00e7\u00e3o da linha de ar, \u00e9 necess\u00e1rio drenar o refrigerante. Por isso, \u00e9 necess\u00e1rio carregar o refrigerante se a bomba de calor n\u00e3o conseguir arrancar.<br \/>\nPara todos os produtos com mais de 50 kg, fixamo-los numa palete de madeira ou de polipropileno de boa estrutura, como indicado abaixo.<br \/>\n<img decoding=\"async\" class=\"bdpimg\" title=\"heatpumpPacking1\" src=\"\/UploadFiles\/PalletPackforHeatpump.jpg\" alt=\"\" width=\"650\" \/><\/p>\n<p><strong>Para entrega em contentor, utilizamos apenas caixa de papel grosso de 5 camadas para exporta\u00e7\u00e3o. Ap\u00f3s o carregamento cuidadoso, tiraremos fotos antes de fechar a porta do contentor para garantir que tudo est\u00e1 bem.<\/strong><br \/>\n<img decoding=\"async\" class=\"bdpimg\" title=\"carregamento da bomba de calor por contentor\" src=\"\/UploadFiles\/Loading9013-1.jpg\" alt=\"\" width=\"650\" \/><\/p>\n<p>Se for por via mar\u00edtima, normalmente exportamos em termos EXW, FOB ou CFR, apenas entregamos as mercadorias no porto mar\u00edtimo de destino. Os clientes precisam de cobrir os custos dos seus direitos de importa\u00e7\u00e3o e custos. \u00c9 claro que os clientes podem utilizar o nosso agente transit\u00e1rio para o ajudar a desalfandegar.<br \/>\nPodemos fornecer todos os documentos necess\u00e1rios, tais como o formul\u00e1rio A, o certificado de origem, o conhecimento de embarque, a fatura e a lista de embalagem.<\/p>\n<p>Normalmente, a viagem demora cerca de 30 dias por via mar\u00edtima e uma semana por via a\u00e9rea.<\/p>","protected":false},"excerpt":{"rendered":"<p><span class=\"excerpt-hellip\"> [...]<\/span><\/p>","protected":false},"author":2,"featured_media":0,"parent":702,"menu_order":0,"comment_status":"open","ping_status":"open","template":"","meta":{"footnotes":""},"class_list":["post-719","page","type-page","status-publish","hentry"],"aioseo_notices":[],"_links":{"self":[{"href":"https:\/\/www.china-heatpump.com\/pt\/wp-json\/wp\/v2\/pages\/719","targetHints":{"allow":["GET"]}}],"collection":[{"href":"https:\/\/www.china-heatpump.com\/pt\/wp-json\/wp\/v2\/pages"}],"about":[{"href":"https:\/\/www.china-heatpump.com\/pt\/wp-json\/wp\/v2\/types\/page"}],"author":[{"embeddable":true,"href":"https:\/\/www.china-heatpump.com\/pt\/wp-json\/wp\/v2\/users\/2"}],"replies":[{"embeddable":true,"href":"https:\/\/www.china-heatpump.com\/pt\/wp-json\/wp\/v2\/comments?post=719"}],"version-history":[{"count":1,"href":"https:\/\/www.china-heatpump.com\/pt\/wp-json\/wp\/v2\/pages\/719\/revisions"}],"predecessor-version":[{"id":3522,"href":"https:\/\/www.china-heatpump.com\/pt\/wp-json\/wp\/v2\/pages\/719\/revisions\/3522"}],"up":[{"embeddable":true,"href":"https:\/\/www.china-heatpump.com\/pt\/wp-json\/wp\/v2\/pages\/702"}],"wp:attachment":[{"href":"https:\/\/www.china-heatpump.com\/pt\/wp-json\/wp\/v2\/media?parent=719"}],"curies":[{"name":"wp","href":"https:\/\/api.w.org\/{rel}","templated":true}]}}