{"id":958,"date":"2013-09-17T11:14:43","date_gmt":"2013-09-17T11:14:43","guid":{"rendered":"http:\/\/demo.qodeinteractive.com\/satellite\/?page_id=958"},"modified":"2024-11-27T16:34:03","modified_gmt":"2024-11-27T08:34:03","slug":"our-team","status":"publish","type":"page","link":"https:\/\/www.china-heatpump.com\/nb\/our-team\/","title":{"rendered":"V\u00e5rt team"},"content":{"rendered":"<div><\/div>\n<div>\u00a0 \u00a0 \u00a0 Her er Kolant Varmeteknikk, en unik bedriftskultur basert p\u00e5 ekte, personlig kontakt. Etter hvert som teamet fortsetter \u00e5 vokse, vil vi utvilsomt opprettholde relasjoner som minner om en sammensveiset familie. Vi \u00f8nsker at arbeidsmilj\u00f8et ikke bare skal by p\u00e5 verdifulle faglige erfaringer, men ogs\u00e5 en hyggelig og innovativ atmosf\u00e6re. Kameratskapet v\u00e5rt og tilliten til produktene v\u00e5re har hjulpet oss til \u00e5 utmerke oss i bransjen.<\/div>\n<div><\/div>\n<div style=\"vertical-align: middle; height: 400px;\">\n<p><strong>Ledergruppen<\/strong><\/p>\n<p>V\u00e5rt viktigste lederteam for selskapets drift inkludert markedsf\u00f8ring og teknikere. Mange \u00e5r med stor bedriftsledelse med erfaring fra ISO9001, 5S, MRPII. Kolant har ingeni\u00f8rer med mer enn 20 \u00e5rs varmepumpeerfaring. Mr. James er v\u00e5r generelle ingeni\u00f8r. Han er i varmepumpefeltet i mer enn 30 \u00e5r.<\/p>\n<p><strong style=\"font-size: inherit;\">Brain Storm-m\u00f8te om teknikk og markedsf\u00f8ring<\/strong><\/p>\n<p><span style=\"font-size: inherit;\">N\u00e5r det gjelder markedsf\u00f8ringskrav, diskuterer v\u00e5r dynamiske James, Jose, ofte markedsf\u00f8ringstrender sammen med v\u00e5r europeiske partneraksjon\u00e6r.<\/span><\/p>\n<p><strong style=\"font-size: inherit;\">Markedsf\u00f8ringsteam med kunde<\/strong><\/p>\n<p><span style=\"font-size: inherit;\">Eksportteamet bes\u00f8kte kunder i utlandet. Philip er opptatt av \u00e5 bygge et langsiktig samarbeid med kundene. Med mange \u00e5rs varmepumpeerfaring er han villig til \u00e5 gi god konsultasjon til kundene. Ikke n\u00f8l med \u00e5 plage ham med sp\u00f8rsm\u00e5l eller tvil.<\/span><\/p>\n<\/div>\n<div style=\"vertical-align: middle; height: 400px;\">\n<p><strong style=\"font-size: inherit;\">Arbeidere ved samleb\u00e5ndet<\/strong><\/p>\n<p><span style=\"font-size: inherit;\">Hver gang du mottar en vare fra Kolant, er arbeidsteamet, ledet av Mr.Shu, utvilsomt ansvarlig. N\u00e5r du har lagt inn en bestilling, vil Mr.Shu utarbeide en liste for forskjellige avdelingsarbeid. Etter at alt materialet kommer, vil monteringsarbeiderteamet begynne \u00e5 jobbe med montering, testing og pakking. Med sitt ansvarlige hjerte og inspeksjon av kvalitetskontrollavdelingen produserer de varmepumpen av beste kvalitet.<\/span><\/p>\n<\/div>\n<div style=\"vertical-align: middle; height: 400px;\">\n<p><img decoding=\"async\" class=\"alignleft\" src=\"\/UploadFiles\/technical-Teams.jpg\" alt=\"\" \/><\/p>\n<p><strong>Team for kvalitetskontroll<\/strong><\/p>\n<p>Vi har det beste kvalitetskontrollteamet. De er seri\u00f8se, alltid villige til \u00e5 sette tankene sammen for \u00e5 sjekke og l\u00f8se problemet.<\/p>\n<\/div>\n<div style=\"vertical-align: middle; height: 400px;\">\n<p><img decoding=\"async\" class=\"alignleft\" src=\"\/UploadFiles\/SpainishengineerTraining.jpg\" alt=\"\" \/><\/p>\n<p><strong>Spansk ingeni\u00f8r gir oppl\u00e6ring<\/strong><\/p>\n<p>Varmepumpe er store gjenstander annet enn sm\u00e5 husholdningsapparater. Det er flere tekniske krav til den. Du m\u00e5 alltid vurdere de brukte omstendighetene. Vi vet mye mer om europeisk informasjon og krav enn konkurrenten v\u00e5r.<\/p>\n<\/div>\n<div style=\"vertical-align: middle; height: 400px;\">\n<p><img decoding=\"async\" class=\"alignleft\" src=\"\/UploadFiles\/celebration2.jpg\" alt=\"\" \/><\/p>\n<p><strong>Ett selskap feirer.<\/strong><\/p>\n<p>Vi har mange flere team som ikke vises her. Med et ord, uten v\u00e5re teams harde arbeid, ville det ikke v\u00e6re noe Kolant Heating Technology Co, Ltd. Velkommen til \u00e5 bli med oss for \u00e5 utvikle et langsiktig samarbeid med v\u00e5re varme hjerteteam.<\/p>\n<\/div>","protected":false},"excerpt":{"rendered":"<p><span class=\"excerpt-hellip\"> [...]<\/span><\/p>","protected":false},"author":2,"featured_media":0,"parent":0,"menu_order":0,"comment_status":"open","ping_status":"open","template":"","meta":{"footnotes":""},"class_list":["post-958","page","type-page","status-publish","hentry"],"aioseo_notices":[],"_links":{"self":[{"href":"https:\/\/www.china-heatpump.com\/nb\/wp-json\/wp\/v2\/pages\/958","targetHints":{"allow":["GET"]}}],"collection":[{"href":"https:\/\/www.china-heatpump.com\/nb\/wp-json\/wp\/v2\/pages"}],"about":[{"href":"https:\/\/www.china-heatpump.com\/nb\/wp-json\/wp\/v2\/types\/page"}],"author":[{"embeddable":true,"href":"https:\/\/www.china-heatpump.com\/nb\/wp-json\/wp\/v2\/users\/2"}],"replies":[{"embeddable":true,"href":"https:\/\/www.china-heatpump.com\/nb\/wp-json\/wp\/v2\/comments?post=958"}],"version-history":[{"count":1,"href":"https:\/\/www.china-heatpump.com\/nb\/wp-json\/wp\/v2\/pages\/958\/revisions"}],"predecessor-version":[{"id":3368,"href":"https:\/\/www.china-heatpump.com\/nb\/wp-json\/wp\/v2\/pages\/958\/revisions\/3368"}],"wp:attachment":[{"href":"https:\/\/www.china-heatpump.com\/nb\/wp-json\/wp\/v2\/media?parent=958"}],"curies":[{"name":"wp","href":"https:\/\/api.w.org\/{rel}","templated":true}]}}