{"id":702,"date":"2010-12-16T04:43:31","date_gmt":"2010-12-15T20:43:31","guid":{"rendered":"\/?page_id=702"},"modified":"2026-04-22T16:12:57","modified_gmt":"2026-04-22T08:12:57","slug":"our-policy","status":"publish","type":"page","link":"https:\/\/www.china-heatpump.com\/nb\/about-us\/our-policy\/","title":{"rendered":"Kolant Policy and Service"},"content":{"rendered":"<div data-elementor-type=\"wp-page\" data-elementor-id=\"702\" class=\"elementor elementor-702\" data-elementor-post-type=\"page\">\n\t\t\t\t<div class=\"elementor-element elementor-element-0f8cf40 e-flex e-con-boxed e-con e-parent\" data-id=\"0f8cf40\" data-element_type=\"container\" data-e-type=\"container\">\n\t\t\t\t\t<div class=\"e-con-inner\">\n\t\t\t\t<div class=\"elementor-element elementor-element-75326b4 elementor-widget elementor-widget-text-editor\" data-id=\"75326b4\" data-element_type=\"widget\" data-e-type=\"widget\" data-widget_type=\"text-editor.default\">\n\t\t\t\t<div class=\"elementor-widget-container\">\n\t\t\t\t\t\t\t\t\t<p><strong>Kolant Heating technology Co.,Ltd <\/strong>is a leading manufacturer for<a title=\"varmepumpe\" href=\"https:\/\/www.china-heatpump.com\/nb\/\"> varmepumpe<\/a> energy-saving products with competitive price.<\/p><p>We \u00a0are\u00a0 manufacturer for \u00a0<strong><a href=\"https:\/\/www.china-heatpump.com\/nb\/category\/heat-pump-products\/air-source-heat-pump\/\">Air to water Heat pump<\/a>,\u00a0heat recovery heat pump,\u00a0<a href=\"https:\/\/www.china-heatpump.com\/nb\/category\/heat-pump-products\/geothermal-water-source-inverter-heat-pump\/\">water source heat pump,<\/a>\u00a0<a href=\"https:\/\/www.china-heatpump.com\/nb\/category\/heat-pump-products\/swimming-pool-heat-pump\/\">Swimming pool heat pump<\/a>,\u00a0<a href=\"https:\/\/www.china-heatpump.com\/nb\/category\/heat-pump-products\/air-source-heat-pump\/r32-inverter-heating-cooling-dhw-heat-pump\/\">DC inverter air conditioner<\/a>, Water Fan coils.<\/strong><\/p><p>With European original technology, we produce the best heat pump, delivery with the most safe packing and fast way and provide the best service to our customers.<\/p>\t\t\t\t\t\t\t\t<\/div>\n\t\t\t\t<\/div>\n\t\t\t\t\t<\/div>\n\t\t\t\t<\/div>\n\t\t<div class=\"elementor-element elementor-element-484aa0c e-flex e-con-boxed e-con e-parent\" data-id=\"484aa0c\" data-element_type=\"container\" data-e-type=\"container\">\n\t\t\t\t\t<div class=\"e-con-inner\">\n\t\t\t\t<div class=\"elementor-element elementor-element-3b53f3c elementor-widget elementor-widget-heading\" data-id=\"3b53f3c\" data-element_type=\"widget\" data-e-type=\"widget\" data-widget_type=\"heading.default\">\n\t\t\t\t<div class=\"elementor-widget-container\">\n\t\t\t\t\t<h3 class=\"elementor-heading-title elementor-size-default\">Kundeservice<\/h3>\t\t\t\t<\/div>\n\t\t\t\t<\/div>\n\t\t\t\t\t<\/div>\n\t\t\t\t<\/div>\n\t\t<div class=\"elementor-element elementor-element-1de90e6 e-flex e-con-boxed e-con e-parent\" data-id=\"1de90e6\" data-element_type=\"container\" data-e-type=\"container\">\n\t\t\t\t\t<div class=\"e-con-inner\">\n\t\t<div class=\"elementor-element elementor-element-36d860f e-con-full e-flex e-con e-child\" data-id=\"36d860f\" data-element_type=\"container\" data-e-type=\"container\">\n\t\t\t\t<div class=\"elementor-element elementor-element-7b6460e elementor-widget elementor-widget-image\" data-id=\"7b6460e\" data-element_type=\"widget\" data-e-type=\"widget\" data-widget_type=\"image.default\">\n\t\t\t\t<div class=\"elementor-widget-container\">\n\t\t\t\t\t\t\t\t\t\t\t\t\t\t\t<img fetchpriority=\"high\" decoding=\"async\" width=\"500\" height=\"375\" src=\"https:\/\/www.china-heatpump.com\/wp-content\/uploads\/kolant-service.jpg\" class=\"attachment-large size-large wp-image-5833\" alt=\"\" srcset=\"https:\/\/www.china-heatpump.com\/wp-content\/uploads\/kolant-service.jpg 500w, https:\/\/www.china-heatpump.com\/wp-content\/uploads\/kolant-service-400x300.jpg 400w, https:\/\/www.china-heatpump.com\/wp-content\/uploads\/kolant-service-16x12.jpg 16w, https:\/\/www.china-heatpump.com\/wp-content\/uploads\/kolant-service-195x146.jpg 195w, https:\/\/www.china-heatpump.com\/wp-content\/uploads\/kolant-service-50x38.jpg 50w, https:\/\/www.china-heatpump.com\/wp-content\/uploads\/kolant-service-100x75.jpg 100w\" sizes=\"(max-width: 500px) 100vw, 500px\" \/>\t\t\t\t\t\t\t\t\t\t\t\t\t\t\t<\/div>\n\t\t\t\t<\/div>\n\t\t\t\t<\/div>\n\t\t<div class=\"elementor-element elementor-element-8d794f4 e-con-full e-flex e-con e-child\" data-id=\"8d794f4\" data-element_type=\"container\" data-e-type=\"container\">\n\t\t\t\t<div class=\"elementor-element elementor-element-8198b74 elementor-widget__width-initial elementor-widget elementor-widget-text-editor\" data-id=\"8198b74\" data-element_type=\"widget\" data-e-type=\"widget\" data-widget_type=\"text-editor.default\">\n\t\t\t\t<div class=\"elementor-widget-container\">\n\t\t\t\t\t\t\t\t\t<p>Vi kan tilby gratis konsultasjon om installasjon av varmepumpe.<br \/>We can arrange picking up from your hotel to our factory.<br \/>We can help on hotel booking if you want to visit us.<br \/>We can help to purchase other parts related to heat pumps or recommend reliable suppliers directly<\/p>\t\t\t\t\t\t\t\t<\/div>\n\t\t\t\t<\/div>\n\t\t\t\t<\/div>\n\t\t\t\t\t<\/div>\n\t\t\t\t<\/div>\n\t\t<div class=\"elementor-element elementor-element-8b05fa9 e-flex e-con-boxed e-con e-parent\" data-id=\"8b05fa9\" data-element_type=\"container\" data-e-type=\"container\">\n\t\t\t\t\t<div class=\"e-con-inner\">\n\t\t\t\t<div class=\"elementor-element elementor-element-59d5763 elementor-widget elementor-widget-heading\" data-id=\"59d5763\" data-element_type=\"widget\" data-e-type=\"widget\" data-widget_type=\"heading.default\">\n\t\t\t\t<div class=\"elementor-widget-container\">\n\t\t\t\t\t<h3 class=\"elementor-heading-title elementor-size-default\">Packing and shipping<\/h3>\t\t\t\t<\/div>\n\t\t\t\t<\/div>\n\t\t\t\t\t<\/div>\n\t\t\t\t<\/div>\n\t\t<div class=\"elementor-element elementor-element-70c6f62 e-flex e-con-boxed e-con e-parent\" data-id=\"70c6f62\" data-element_type=\"container\" data-e-type=\"container\">\n\t\t\t\t\t<div class=\"e-con-inner\">\n\t\t\t\t<div class=\"elementor-element elementor-element-6e65f36 elementor-widget elementor-widget-text-editor\" data-id=\"6e65f36\" data-element_type=\"widget\" data-e-type=\"widget\" data-widget_type=\"text-editor.default\">\n\t\t\t\t<div class=\"elementor-widget-container\">\n\t\t\t\t\t\t\t\t\t<p><strong>For levering av varmepumpepr\u00f8ver, etter pakking med tykk 5-lags papirboks i eksportklasse, pakker vi varmepumper med poly trekasse for \u00e5 unng\u00e5 skader som vist vedlagt.<\/strong><\/p>\t\t\t\t\t\t\t\t<\/div>\n\t\t\t\t<\/div>\n\t\t\t\t\t<\/div>\n\t\t\t\t<\/div>\n\t\t<div class=\"elementor-element elementor-element-6ceb8e8 e-flex e-con-boxed e-con e-parent\" data-id=\"6ceb8e8\" data-element_type=\"container\" data-e-type=\"container\">\n\t\t\t\t\t<div class=\"e-con-inner\">\n\t\t<div class=\"elementor-element elementor-element-a26f4c4 e-con-full e-flex e-con e-child\" data-id=\"a26f4c4\" data-element_type=\"container\" data-e-type=\"container\">\n\t\t\t\t<div class=\"elementor-element elementor-element-9b614c2 elementor-widget elementor-widget-text-editor\" data-id=\"9b614c2\" data-element_type=\"widget\" data-e-type=\"widget\" data-widget_type=\"text-editor.default\">\n\t\t\t\t<div class=\"elementor-widget-container\">\n\t\t\t\t\t\t\t\t\t<p><strong><span style=\"color: #003366;\">LCL\uff08Sample\uff09order<\/span><\/strong><\/p><p>5 layer Paper box+ EPE foam+plastic wrap<\/p>\t\t\t\t\t\t\t\t<\/div>\n\t\t\t\t<\/div>\n\t\t\t\t<\/div>\n\t\t<div class=\"elementor-element elementor-element-6a76774 e-con-full e-flex e-con e-child\" data-id=\"6a76774\" data-element_type=\"container\" data-e-type=\"container\">\n\t\t\t\t<div class=\"elementor-element elementor-element-3453c91 elementor-widget elementor-widget-text-editor\" data-id=\"3453c91\" data-element_type=\"widget\" data-e-type=\"widget\" data-widget_type=\"text-editor.default\">\n\t\t\t\t<div class=\"elementor-widget-container\">\n\t\t\t\t\t\t\t\t\t<p><strong><span style=\"color: #003366;\">Container order<\/span><\/strong><\/p><p>5 layer Paper box+ plastic wrap<\/p>\t\t\t\t\t\t\t\t<\/div>\n\t\t\t\t<\/div>\n\t\t\t\t<\/div>\n\t\t\t\t\t<\/div>\n\t\t\t\t<\/div>\n\t\t<div class=\"elementor-element elementor-element-4271cf9 e-con-full e-flex e-con e-parent\" data-id=\"4271cf9\" data-element_type=\"container\" data-e-type=\"container\">\n\t\t\t\t<div class=\"elementor-element elementor-element-4cae8ed elementor-widget__width-initial elementor-widget elementor-widget-image\" data-id=\"4cae8ed\" data-element_type=\"widget\" data-e-type=\"widget\" data-widget_type=\"image.default\">\n\t\t\t\t<div class=\"elementor-widget-container\">\n\t\t\t\t\t\t\t\t\t\t\t\t\t\t\t<img decoding=\"async\" width=\"800\" height=\"600\" src=\"https:\/\/www.china-heatpump.com\/wp-content\/uploads\/kolant-packing.jpg\" class=\"attachment-full size-full wp-image-5858\" alt=\"\" srcset=\"https:\/\/www.china-heatpump.com\/wp-content\/uploads\/kolant-packing.jpg 800w, https:\/\/www.china-heatpump.com\/wp-content\/uploads\/kolant-packing-400x300.jpg 400w, https:\/\/www.china-heatpump.com\/wp-content\/uploads\/kolant-packing-16x12.jpg 16w, https:\/\/www.china-heatpump.com\/wp-content\/uploads\/kolant-packing-195x146.jpg 195w, https:\/\/www.china-heatpump.com\/wp-content\/uploads\/kolant-packing-50x38.jpg 50w, https:\/\/www.china-heatpump.com\/wp-content\/uploads\/kolant-packing-100x75.jpg 100w\" sizes=\"(max-width: 800px) 100vw, 800px\" \/>\t\t\t\t\t\t\t\t\t\t\t\t\t\t\t<\/div>\n\t\t\t\t<\/div>\n\t\t\t\t<\/div>\n\t\t<div class=\"elementor-element elementor-element-fb74e9e e-flex e-con-boxed e-con e-parent\" data-id=\"fb74e9e\" data-element_type=\"container\" data-e-type=\"container\">\n\t\t\t\t\t<div class=\"e-con-inner\">\n\t\t\t\t<div class=\"elementor-element elementor-element-f24617f elementor-widget elementor-widget-text-editor\" data-id=\"f24617f\" data-element_type=\"widget\" data-e-type=\"widget\" data-widget_type=\"text-editor.default\">\n\t\t\t\t<div class=\"elementor-widget-container\">\n\t\t\t\t\t\t\t\t\t<p>Det er to m\u00e5ter \u00e5 levere pr\u00f8vene p\u00e5.<br \/>For sea freight, we will keep the refrigerant inside of the <a href=\"https:\/\/www.china-heatpump.com\/nb\/\">varmepumpe<\/a>.<br \/>For luftfraktfrakt m\u00e5 vi t\u00f8mme ut kj\u00f8lemediet p\u00e5 grunn av luftledningsreguleringen. S\u00e5 du m\u00e5 fylle p\u00e5 kj\u00f8lemediet hvis du oppdager at varmepumpen ikke kan starte.<br \/>For all products above 50kg, we will fix it on a good structured polywood pallet as shown below.<br \/><strong><br \/><\/strong><\/p><p><strong>For Container delivery, we use export thick 5 layer paper box. After carefully loading, we will take pictures before close the container door to assure everything is ok.<\/strong><\/p>\t\t\t\t\t\t\t\t<\/div>\n\t\t\t\t<\/div>\n\t\t\t\t\t<\/div>\n\t\t\t\t<\/div>\n\t\t<div class=\"elementor-element elementor-element-2f5b93c e-flex e-con-boxed e-con e-parent\" data-id=\"2f5b93c\" data-element_type=\"container\" data-e-type=\"container\">\n\t\t\t\t\t<div class=\"e-con-inner\">\n\t\t\t\t<div class=\"elementor-element elementor-element-73f15c8 elementor-widget elementor-widget-image\" data-id=\"73f15c8\" data-element_type=\"widget\" data-e-type=\"widget\" data-widget_type=\"image.default\">\n\t\t\t\t<div class=\"elementor-widget-container\">\n\t\t\t\t\t\t\t\t\t\t\t\t\t\t\t<img decoding=\"async\" width=\"400\" height=\"300\" src=\"https:\/\/www.china-heatpump.com\/wp-content\/uploads\/kolant-packing-1.jpg\" class=\"attachment-large size-large wp-image-5859\" alt=\"\" srcset=\"https:\/\/www.china-heatpump.com\/wp-content\/uploads\/kolant-packing-1.jpg 400w, https:\/\/www.china-heatpump.com\/wp-content\/uploads\/kolant-packing-1-16x12.jpg 16w, https:\/\/www.china-heatpump.com\/wp-content\/uploads\/kolant-packing-1-195x146.jpg 195w, https:\/\/www.china-heatpump.com\/wp-content\/uploads\/kolant-packing-1-50x38.jpg 50w, https:\/\/www.china-heatpump.com\/wp-content\/uploads\/kolant-packing-1-100x75.jpg 100w\" sizes=\"(max-width: 400px) 100vw, 400px\" \/>\t\t\t\t\t\t\t\t\t\t\t\t\t\t\t<\/div>\n\t\t\t\t<\/div>\n\t\t\t\t\t<\/div>\n\t\t\t\t<\/div>\n\t\t<div class=\"elementor-element elementor-element-2c14bdb4 e-flex e-con-boxed e-con e-parent\" data-id=\"2c14bdb4\" data-element_type=\"container\" data-e-type=\"container\">\n\t\t\t\t\t<div class=\"e-con-inner\">\n\t\t\t\t<div class=\"elementor-element elementor-element-42405b68 elementor-widget elementor-widget-text-editor\" data-id=\"42405b68\" data-element_type=\"widget\" data-e-type=\"widget\" data-widget_type=\"text-editor.default\">\n\t\t\t\t<div class=\"elementor-widget-container\">\n\t\t\t\t\t\t\t\t\t<p>Hvis vi eksporterer sj\u00f8veien, eksporterer vi normalt til EXW-, FOB- eller CFR-vilk\u00e5r, og vi leverer bare varer til destinasjonshavnen. Kundene m\u00e5 dekke kostnadene for importtoll og kostnader. Selvf\u00f8lgelig kan kundene bruke v\u00e5r spedit\u00f8ragent for \u00e5 hjelpe deg med \u00e5 fjerne tollen.<br \/>Vi kan levere alle n\u00f8dvendige dokumenter som skjema A, opprinnelsesbevis, konnossement, faktura og pakkseddel.<\/p><p>Normalt vil det ta omtrent 30 dager med b\u00e5t og en uke med fly.<\/p><ul><li><a style=\"text-decoration: underline;\" title=\"Heat pump Warranty\" href=\"\/nb\/about-us\/our-policy\/warranty\/\">Garanti<\/a><\/li><li><a style=\"text-decoration: underline;\" title=\"Vanlige sp\u00f8rsm\u00e5l om varmepumpen v\u00e5r\" href=\"\/nb\/about-us\/our-policy\/faq-about-our-heat-pump\/\">Vanlige sp\u00f8rsm\u00e5l om varmepumpen v\u00e5r<\/a><\/li><\/ul>\t\t\t\t\t\t\t\t<\/div>\n\t\t\t\t<\/div>\n\t\t\t\t\t<\/div>\n\t\t\t\t<\/div>\n\t\t\t\t<\/div>","protected":false},"excerpt":{"rendered":"<p>Kolant Heating technology Co.,Ltd is a leading manufacturer for heat pump energy-saving products with competitive price. We \u00a0are\u00a0 manufacturer for \u00a0Air to water Heat pump,\u00a0heat recovery heat pump,\u00a0water source heat pump,\u00a0Swimming pool heat pump,\u00a0DC inverter air conditioner, Water Fan coils. With European original technology, we produce the best heat pump, delivery with the most safe<span class=\"excerpt-hellip\"> [...]<\/span><\/p>","protected":false},"author":2,"featured_media":0,"parent":322,"menu_order":0,"comment_status":"open","ping_status":"closed","template":"","meta":{"footnotes":""},"class_list":["post-702","page","type-page","status-publish","hentry"],"_links":{"self":[{"href":"https:\/\/www.china-heatpump.com\/nb\/wp-json\/wp\/v2\/pages\/702","targetHints":{"allow":["GET"]}}],"collection":[{"href":"https:\/\/www.china-heatpump.com\/nb\/wp-json\/wp\/v2\/pages"}],"about":[{"href":"https:\/\/www.china-heatpump.com\/nb\/wp-json\/wp\/v2\/types\/page"}],"author":[{"embeddable":true,"href":"https:\/\/www.china-heatpump.com\/nb\/wp-json\/wp\/v2\/users\/2"}],"replies":[{"embeddable":true,"href":"https:\/\/www.china-heatpump.com\/nb\/wp-json\/wp\/v2\/comments?post=702"}],"version-history":[{"count":19,"href":"https:\/\/www.china-heatpump.com\/nb\/wp-json\/wp\/v2\/pages\/702\/revisions"}],"predecessor-version":[{"id":5862,"href":"https:\/\/www.china-heatpump.com\/nb\/wp-json\/wp\/v2\/pages\/702\/revisions\/5862"}],"up":[{"embeddable":true,"href":"https:\/\/www.china-heatpump.com\/nb\/wp-json\/wp\/v2\/pages\/322"}],"wp:attachment":[{"href":"https:\/\/www.china-heatpump.com\/nb\/wp-json\/wp\/v2\/media?parent=702"}],"curies":[{"name":"wp","href":"https:\/\/api.w.org\/{rel}","templated":true}]}}