{"id":719,"date":"2010-12-22T09:30:32","date_gmt":"2010-12-22T09:30:32","guid":{"rendered":"\/?page_id=719"},"modified":"2025-03-12T10:14:24","modified_gmt":"2025-03-12T02:14:24","slug":"shipping","status":"publish","type":"page","link":"https:\/\/www.china-heatpump.com\/fr\/about-us\/our-policy\/shipping\/","title":{"rendered":"Exp\u00e9dition"},"content":{"rendered":"<p><strong>Pour la livraison d'\u00e9chantillons de pompes \u00e0 chaleur, apr\u00e8s l'emballage dans une bo\u00eete en papier \u00e9pais de classe export \u00e0 5 couches, nous emballerons les pompes \u00e0 chaleur dans une caisse en bois poly afin d'\u00e9viter tout dommage, comme le montre la photo ci-jointe.<\/strong><\/p>\n<p>Il y a deux fa\u00e7ons de livrer les \u00e9chantillons.<br \/>\nPour le transport maritime, nous conservons le r\u00e9frig\u00e9rant \u00e0 l'int\u00e9rieur de l'emballage. <a href=\"https:\/\/www.china-heatpump.com\/fr\/\">pompe \u00e0 chaleur<\/a>.<br \/>\nPour le fret a\u00e9rien, en raison de la r\u00e9gulation de la conduite d'air, il est n\u00e9cessaire de vidanger le r\u00e9frig\u00e9rant. Vous devez donc charger le r\u00e9frig\u00e9rant si vous constatez que la pompe \u00e0 chaleur ne peut pas d\u00e9marrer.<br \/>\nPour tous les produits de plus de 50 kg, nous les fixons sur une palette en bois ou en polywood bien structur\u00e9e, comme indiqu\u00e9 ci-dessous.<br \/>\n<img decoding=\"async\" class=\"bdpimg\" title=\"pompe \u00e0 chaleurEmballage1\" src=\"\/UploadFiles\/PalletPackforHeatpump.jpg\" alt=\"\" width=\"650\" \/><\/p>\n<p><strong>Pour la livraison par conteneur, nous n'utilisons que des bo\u00eetes en papier \u00e9pais de 5 couches pour l'exportation. Apr\u00e8s un chargement soigneux, nous prenons des photos avant de fermer la porte du conteneur pour nous assurer que tout va bien.<\/strong><br \/>\n<img decoding=\"async\" class=\"bdpimg\" title=\"chargement des pompes \u00e0 chaleur par conteneur\" src=\"\/UploadFiles\/Loading9013-1.jpg\" alt=\"\" width=\"650\" \/><\/p>\n<p>S'il s'agit d'un transport maritime, nous exportons normalement aux conditions EXW, FOB ou CFR, nous ne livrons les marchandises qu'au port maritime de destination. Les clients doivent prendre en charge les co\u00fbts et les droits d'importation. Bien entendu, les clients peuvent faire appel \u00e0 notre transitaire pour les aider \u00e0 d\u00e9douaner leurs marchandises.<br \/>\nNous pouvons fournir tous les documents n\u00e9cessaires tels que le formulaire A, le certificat d'origine, le connaissement, la facture et la liste de colisage.<\/p>\n<p>Normalement, le d\u00e9lai est d'environ 30 jours par voie maritime et d'une semaine par voie a\u00e9rienne.<\/p>","protected":false},"excerpt":{"rendered":"<p><span class=\"excerpt-hellip\"> [...]<\/span><\/p>","protected":false},"author":2,"featured_media":0,"parent":702,"menu_order":0,"comment_status":"open","ping_status":"open","template":"","meta":{"footnotes":""},"class_list":["post-719","page","type-page","status-publish","hentry"],"aioseo_notices":[],"_links":{"self":[{"href":"https:\/\/www.china-heatpump.com\/fr\/wp-json\/wp\/v2\/pages\/719","targetHints":{"allow":["GET"]}}],"collection":[{"href":"https:\/\/www.china-heatpump.com\/fr\/wp-json\/wp\/v2\/pages"}],"about":[{"href":"https:\/\/www.china-heatpump.com\/fr\/wp-json\/wp\/v2\/types\/page"}],"author":[{"embeddable":true,"href":"https:\/\/www.china-heatpump.com\/fr\/wp-json\/wp\/v2\/users\/2"}],"replies":[{"embeddable":true,"href":"https:\/\/www.china-heatpump.com\/fr\/wp-json\/wp\/v2\/comments?post=719"}],"version-history":[{"count":1,"href":"https:\/\/www.china-heatpump.com\/fr\/wp-json\/wp\/v2\/pages\/719\/revisions"}],"predecessor-version":[{"id":3522,"href":"https:\/\/www.china-heatpump.com\/fr\/wp-json\/wp\/v2\/pages\/719\/revisions\/3522"}],"up":[{"embeddable":true,"href":"https:\/\/www.china-heatpump.com\/fr\/wp-json\/wp\/v2\/pages\/702"}],"wp:attachment":[{"href":"https:\/\/www.china-heatpump.com\/fr\/wp-json\/wp\/v2\/media?parent=719"}],"curies":[{"name":"wp","href":"https:\/\/api.w.org\/{rel}","templated":true}]}}