{"id":958,"date":"2013-09-17T11:14:43","date_gmt":"2013-09-17T11:14:43","guid":{"rendered":"http:\/\/demo.qodeinteractive.com\/satellite\/?page_id=958"},"modified":"2024-11-27T16:34:03","modified_gmt":"2024-11-27T08:34:03","slug":"our-team","status":"publish","type":"page","link":"https:\/\/www.china-heatpump.com\/de\/our-team\/","title":{"rendered":"Unser Team"},"content":{"rendered":"<div><\/div>\n<div>\u00a0 \u00a0 \u00a0 Das ist Kolant Heizungstechnik, eine einzigartige Unternehmenskultur, die auf echten pers\u00f6nlichen Beziehungen basiert. W\u00e4hrend das Team weiter w\u00e4chst, werden wir zweifelsohne Beziehungen pflegen, die einer engen Familie \u00e4hneln. Wir m\u00f6chten, dass das Arbeitsumfeld nicht nur wertvolle berufliche Erfahrungen bietet, sondern auch eine angenehme, innovative Atmosph\u00e4re. Unsere Kameradschaft und unser Vertrauen in unsere Produkte haben dazu beigetragen, dass wir uns in unserer Branche auszeichnen.<\/div>\n<div><\/div>\n<div style=\"vertical-align: middle; height: 400px;\">\n<p><strong>Management Team<\/strong><\/p>\n<p>Unser Hauptmanagementteam f\u00fcr den Betrieb des Unternehmens, einschlie\u00dflich Marketing und Techniker. Langj\u00e4hriges Management gro\u00dfer Unternehmen mit Erfahrung in ISO9001, 5S, MRPII. Kolant verf\u00fcgt \u00fcber Ingenieure mit mehr als 20 Jahren W\u00e4rmepumpenerfahrung. Mr. James ist unser Generalingenieur. Er ist seit mehr als 30 Jahren im W\u00e4rmepumpenbereich t\u00e4tig.<\/p>\n<p><strong style=\"font-size: inherit;\">Technisches und Marketing Brain Storm Meeting<\/strong><\/p>\n<p><span style=\"font-size: inherit;\">Wenn es um Marketinganforderungen geht, ist unser dynamischer James, Jose oft zusammen mit unserem europ\u00e4ischen Partner Shareholder f\u00fcr Marketingtrends im Gespr\u00e4ch.<\/span><\/p>\n<p><strong style=\"font-size: inherit;\">Marketingteam mit Kunden<\/strong><\/p>\n<p><span style=\"font-size: inherit;\">Das Exportteam besuchte Kunden im Ausland. Philip ist sehr daran interessiert, eine langfristige Zusammenarbeit mit den Kunden aufzubauen. Mit seiner langj\u00e4hrigen Erfahrung mit W\u00e4rmepumpen ist er bereit, die Kunden gut zu beraten. Z\u00f6gern Sie nicht, ihn mit Fragen oder Zweifeln zu bel\u00e4stigen.<\/span><\/p>\n<\/div>\n<div style=\"vertical-align: middle; height: 400px;\">\n<p><strong style=\"font-size: inherit;\">Flie\u00dfbandarbeiter<\/strong><\/p>\n<p><span style=\"font-size: inherit;\">Jedes Mal, wenn Sie einen Artikel von Kolant erhalten, ist zweifellos das Mitarbeiterteam unter der Leitung von Herrn Shu verantwortlich. Sobald Sie eine Bestellung aufgeben, erstellt Herr Shu eine Liste f\u00fcr die Arbeit der verschiedenen Abteilungen. Nachdem alle Materialien eingetroffen sind, beginnt das Montageteam mit der Montage, Pr\u00fcfung und Verpackung. Mit ihrem verantwortungsvollen Herzen und der Inspektion der Qualit\u00e4tskontrollabteilung produzieren sie die beste Qualit\u00e4t der W\u00e4rmepumpe.<\/span><\/p>\n<\/div>\n<div style=\"vertical-align: middle; height: 400px;\">\n<p><img decoding=\"async\" class=\"alignleft\" src=\"\/UploadFiles\/technical-Teams.jpg\" alt=\"\" \/><\/p>\n<p><strong>Team Qualit\u00e4tskontrolle<\/strong><\/p>\n<p>Wir haben das beste Qualit\u00e4tskontrollteam. Sie sind seri\u00f6s, immer bereit, ihre K\u00f6pfe zusammen zu setzen, um zu \u00fcberpr\u00fcfen und zu l\u00f6sen Problem.<\/p>\n<\/div>\n<div style=\"vertical-align: middle; height: 400px;\">\n<p><img decoding=\"async\" class=\"alignleft\" src=\"\/UploadFiles\/SpainishengineerTraining.jpg\" alt=\"\" \/><\/p>\n<p><strong>Spanischer Ingenieur Ausbildung geben<\/strong><\/p>\n<p>Die W\u00e4rmepumpe ist ein gro\u00dfes Ger\u00e4t, kein kleines Haushaltsger\u00e4t. Es gibt mehr technische Anforderungen an sie. Sie m\u00fcssen immer die verwendeten Umst\u00e4nde ber\u00fccksichtigen. Wir wissen viel mehr \u00fcber europ\u00e4ische Informationen und Anforderungen als unsere Konkurrenten.<\/p>\n<\/div>\n<div style=\"vertical-align: middle; height: 400px;\">\n<p><img decoding=\"async\" class=\"alignleft\" src=\"\/UploadFiles\/celebration2.jpg\" alt=\"\" \/><\/p>\n<p><strong>Ein Unternehmen Feiern.<\/strong><\/p>\n<p>Wir haben noch viel mehr Teams, die hier nicht aufgef\u00fchrt sind. Mit einem Wort, ohne die harte Arbeit unserer Teams g\u00e4be es keine Kolant Heating Technology Co.,Ltd. Willkommen bei uns, um eine langfristige Zusammenarbeit mit unseren warmherzigen Teams zu entwickeln.<\/p>\n<\/div>","protected":false},"excerpt":{"rendered":"<p><span class=\"excerpt-hellip\"> [...]<\/span><\/p>","protected":false},"author":2,"featured_media":0,"parent":0,"menu_order":0,"comment_status":"open","ping_status":"open","template":"","meta":{"footnotes":""},"class_list":["post-958","page","type-page","status-publish","hentry"],"aioseo_notices":[],"_links":{"self":[{"href":"https:\/\/www.china-heatpump.com\/de\/wp-json\/wp\/v2\/pages\/958","targetHints":{"allow":["GET"]}}],"collection":[{"href":"https:\/\/www.china-heatpump.com\/de\/wp-json\/wp\/v2\/pages"}],"about":[{"href":"https:\/\/www.china-heatpump.com\/de\/wp-json\/wp\/v2\/types\/page"}],"author":[{"embeddable":true,"href":"https:\/\/www.china-heatpump.com\/de\/wp-json\/wp\/v2\/users\/2"}],"replies":[{"embeddable":true,"href":"https:\/\/www.china-heatpump.com\/de\/wp-json\/wp\/v2\/comments?post=958"}],"version-history":[{"count":1,"href":"https:\/\/www.china-heatpump.com\/de\/wp-json\/wp\/v2\/pages\/958\/revisions"}],"predecessor-version":[{"id":3368,"href":"https:\/\/www.china-heatpump.com\/de\/wp-json\/wp\/v2\/pages\/958\/revisions\/3368"}],"wp:attachment":[{"href":"https:\/\/www.china-heatpump.com\/de\/wp-json\/wp\/v2\/media?parent=958"}],"curies":[{"name":"wp","href":"https:\/\/api.w.org\/{rel}","templated":true}]}}