{"id":720,"date":"2010-12-22T09:44:05","date_gmt":"2010-12-22T09:44:05","guid":{"rendered":"\/?page_id=720"},"modified":"2024-07-04T16:53:31","modified_gmt":"2024-07-04T08:53:31","slug":"warranty","status":"publish","type":"page","link":"https:\/\/www.china-heatpump.com\/de\/about-us\/warranty\/","title":{"rendered":"Garantie"},"content":{"rendered":"<p>Wir bieten 1% kostenlose Ersatzteile und 2 Jahre Garantie f\u00fcr Fabrikfehler. Die Garantie ist auf den Ersatz von defekten Teilen durch neue Teile beschr\u00e4nkt.<br \/>\nWir werden die Ersatzteile per Kurier schicken, nachdem wir best\u00e4tigt haben, dass es sich um einen Fabrikfehler handelt.<br \/>\nWir \u00fcbernehmen keine Kosten f\u00fcr Fehler, die durch den Versand, die falsche Installation oder den falschen Gebrauch entstehen. Nat\u00fcrlich k\u00f6nnen wir nach Ablauf der Garantiezeit Ersatzteile auf Kosten des Kunden liefern.<\/p>","protected":false},"excerpt":{"rendered":"<p>We provide 1% free spareparts and 2 year warranty for factory fault. The warranty is limited to replacement of failure parts with new parts. We will send the spare parts by courrier method after confirm it is due to factory fault. We don&#8217;t cover the cost for failure from shipment, wrong installation and incorrect usage.<span class=\"excerpt-hellip\"> [...]<\/span><\/p>","protected":false},"author":2,"featured_media":0,"parent":322,"menu_order":0,"comment_status":"open","ping_status":"open","template":"","meta":{"footnotes":""},"class_list":["post-720","page","type-page","status-publish","hentry"],"_links":{"self":[{"href":"https:\/\/www.china-heatpump.com\/de\/wp-json\/wp\/v2\/pages\/720","targetHints":{"allow":["GET"]}}],"collection":[{"href":"https:\/\/www.china-heatpump.com\/de\/wp-json\/wp\/v2\/pages"}],"about":[{"href":"https:\/\/www.china-heatpump.com\/de\/wp-json\/wp\/v2\/types\/page"}],"author":[{"embeddable":true,"href":"https:\/\/www.china-heatpump.com\/de\/wp-json\/wp\/v2\/users\/2"}],"replies":[{"embeddable":true,"href":"https:\/\/www.china-heatpump.com\/de\/wp-json\/wp\/v2\/comments?post=720"}],"version-history":[{"count":2,"href":"https:\/\/www.china-heatpump.com\/de\/wp-json\/wp\/v2\/pages\/720\/revisions"}],"predecessor-version":[{"id":3207,"href":"https:\/\/www.china-heatpump.com\/de\/wp-json\/wp\/v2\/pages\/720\/revisions\/3207"}],"up":[{"embeddable":true,"href":"https:\/\/www.china-heatpump.com\/de\/wp-json\/wp\/v2\/pages\/322"}],"wp:attachment":[{"href":"https:\/\/www.china-heatpump.com\/de\/wp-json\/wp\/v2\/media?parent=720"}],"curies":[{"name":"wp","href":"https:\/\/api.w.org\/{rel}","templated":true}]}}