{"id":719,"date":"2010-12-22T09:30:32","date_gmt":"2010-12-22T09:30:32","guid":{"rendered":"\/?page_id=719"},"modified":"2025-03-12T10:14:24","modified_gmt":"2025-03-12T02:14:24","slug":"shipping","status":"publish","type":"page","link":"https:\/\/www.china-heatpump.com\/de\/about-us\/kolant-policy-and-service\/shipping\/","title":{"rendered":"Versand"},"content":{"rendered":"<p><strong>F\u00fcr die Lieferung von W\u00e4rmepumpenmustern verpacken wir die W\u00e4rmepumpen nach dem Verpacken mit einem dicken 5-Lagen-Pappkarton der Exportklasse mit einer Poly-Holzkiste, um jegliche Besch\u00e4digung zu vermeiden, wie im Anhang gezeigt.<\/strong><\/p>\n<p>Es gibt zwei M\u00f6glichkeiten, die Proben zuzustellen.<br \/>\nBei Seefracht bewahren wir das K\u00e4ltemittel im Inneren der <a href=\"https:\/\/www.china-heatpump.com\/de\/\">W\u00e4rmepumpe<\/a>.<br \/>\nBei Luftfracht m\u00fcssen wir aufgrund der Luftleitungsvorschriften das K\u00e4ltemittel ablassen. Sie m\u00fcssen also das K\u00e4ltemittel auff\u00fcllen, wenn Sie feststellen, dass die W\u00e4rmepumpe nicht anspringt.<br \/>\nF\u00fcr alle Produkte \u00fcber 50 kg befestigen wir sie auf einer gut strukturierten Holz- oder Polywood-Palette wie unten gezeigt.<br \/>\n<img decoding=\"async\" class=\"bdpimg\" title=\"W\u00e4rmepumpeVerpackung1\" src=\"\/UploadFiles\/PalletPackforHeatpump.jpg\" alt=\"\" width=\"650\" \/><\/p>\n<p><strong>F\u00fcr Container Lieferung, verwenden wir nur Export dicken 5 Schicht Papier-Box. Nach der sorgf\u00e4ltigen Beladung werden wir Bilder machen, bevor wir die Containert\u00fcr schlie\u00dfen, um sicherzustellen, dass alles in Ordnung ist.<\/strong><br \/>\n<img decoding=\"async\" class=\"bdpimg\" title=\"W\u00e4rmepumpenverladung per Container\" src=\"\/UploadFiles\/Loading9013-1.jpg\" alt=\"\" width=\"650\" \/><\/p>\n<p>Auf dem Seeweg exportieren wir normalerweise zu EXW-, FOB- oder CFR-Bedingungen und liefern die Waren nur an den Zielhafen. Die Kunden m\u00fcssen die Kosten f\u00fcr ihre Einfuhrz\u00f6lle und Kosten zu decken. Nat\u00fcrlich k\u00f6nnen die Kunden unseren Spediteur Agent verwenden, um Ihnen zu helfen, den Zoll zu l\u00f6schen.<br \/>\nWir k\u00f6nnen alle erforderlichen Dokumente wie Formular A, Ursprungszeugnis, Konnossement, Rechnung und Packliste bereitstellen.<\/p>\n<p>In der Regel dauert es etwa 30 Tage auf dem Seeweg und eine Woche auf dem Luftweg.<\/p>","protected":false},"excerpt":{"rendered":"<p>For heat pump samples delivery, after packing with export class thick 5 layers paper box, we will pack heat pumps [&hellip;]<\/p>","protected":false},"author":2,"featured_media":0,"parent":702,"menu_order":0,"comment_status":"open","ping_status":"open","template":"","meta":{"site-sidebar-layout":"default","site-content-layout":"","ast-site-content-layout":"default","site-content-style":"default","site-sidebar-style":"default","ast-global-header-display":"","ast-banner-title-visibility":"","ast-main-header-display":"","ast-hfb-above-header-display":"","ast-hfb-below-header-display":"","ast-hfb-mobile-header-display":"","site-post-title":"","ast-breadcrumbs-content":"","ast-featured-img":"","footer-sml-layout":"","ast-disable-related-posts":"","theme-transparent-header-meta":"","adv-header-id-meta":"","stick-header-meta":"","header-above-stick-meta":"","header-main-stick-meta":"","header-below-stick-meta":"","astra-migrate-meta-layouts":"default","ast-page-background-enabled":"default","ast-page-background-meta":{"desktop":{"background-color":"var(--ast-global-color-5)","background-image":"","background-repeat":"repeat","background-position":"center center","background-size":"auto","background-attachment":"scroll","background-type":"","background-media":"","overlay-type":"","overlay-color":"","overlay-opacity":"","overlay-gradient":""},"tablet":{"background-color":"","background-image":"","background-repeat":"repeat","background-position":"center center","background-size":"auto","background-attachment":"scroll","background-type":"","background-media":"","overlay-type":"","overlay-color":"","overlay-opacity":"","overlay-gradient":""},"mobile":{"background-color":"","background-image":"","background-repeat":"repeat","background-position":"center center","background-size":"auto","background-attachment":"scroll","background-type":"","background-media":"","overlay-type":"","overlay-color":"","overlay-opacity":"","overlay-gradient":""}},"ast-content-background-meta":{"desktop":{"background-color":"var(--ast-global-color-4)","background-image":"","background-repeat":"repeat","background-position":"center center","background-size":"auto","background-attachment":"scroll","background-type":"","background-media":"","overlay-type":"","overlay-color":"","overlay-opacity":"","overlay-gradient":""},"tablet":{"background-color":"var(--ast-global-color-4)","background-image":"","background-repeat":"repeat","background-position":"center center","background-size":"auto","background-attachment":"scroll","background-type":"","background-media":"","overlay-type":"","overlay-color":"","overlay-opacity":"","overlay-gradient":""},"mobile":{"background-color":"var(--ast-global-color-4)","background-image":"","background-repeat":"repeat","background-position":"center center","background-size":"auto","background-attachment":"scroll","background-type":"","background-media":"","overlay-type":"","overlay-color":"","overlay-opacity":"","overlay-gradient":""}},"footnotes":""},"class_list":["post-719","page","type-page","status-publish","hentry"],"_links":{"self":[{"href":"https:\/\/www.china-heatpump.com\/de\/wp-json\/wp\/v2\/pages\/719","targetHints":{"allow":["GET"]}}],"collection":[{"href":"https:\/\/www.china-heatpump.com\/de\/wp-json\/wp\/v2\/pages"}],"about":[{"href":"https:\/\/www.china-heatpump.com\/de\/wp-json\/wp\/v2\/types\/page"}],"author":[{"embeddable":true,"href":"https:\/\/www.china-heatpump.com\/de\/wp-json\/wp\/v2\/users\/2"}],"replies":[{"embeddable":true,"href":"https:\/\/www.china-heatpump.com\/de\/wp-json\/wp\/v2\/comments?post=719"}],"version-history":[{"count":1,"href":"https:\/\/www.china-heatpump.com\/de\/wp-json\/wp\/v2\/pages\/719\/revisions"}],"predecessor-version":[{"id":3522,"href":"https:\/\/www.china-heatpump.com\/de\/wp-json\/wp\/v2\/pages\/719\/revisions\/3522"}],"up":[{"embeddable":true,"href":"https:\/\/www.china-heatpump.com\/de\/wp-json\/wp\/v2\/pages\/702"}],"wp:attachment":[{"href":"https:\/\/www.china-heatpump.com\/de\/wp-json\/wp\/v2\/media?parent=719"}],"curies":[{"name":"wp","href":"https:\/\/api.w.org\/{rel}","templated":true}]}}